{"id":116,"date":"2018-03-29T12:41:14","date_gmt":"2018-03-29T10:41:14","guid":{"rendered":"https:\/\/pohjoiskylat.wordpress.com\/?page_id=116"},"modified":"2018-03-29T12:41:14","modified_gmt":"2018-03-29T10:41:14","slug":"tietosuojaseloste-2-2","status":"publish","type":"page","link":"https:\/\/www.xn--pohjoiskylt-u8a.fi\/?page_id=116","title":{"rendered":"Tietosuojaseloste"},"content":{"rendered":"<p>EU:n pyynn\u00f6st\u00e4 olemme laatineet selosteen yhdistyksen j\u00e4senrekisterin pidosta ja sen k\u00e4yt\u00f6st\u00e4.<\/p>\n<p>Sen voi tarvitessa ladata PDF- muodossa t\u00e4\u00e4lt\u00e4:\u00a0<a title=\"tietosuojaseloste\" href=\"https:\/\/www.xn--pohjoiskylt-u8a.fi\/wp-content\/uploads\/2018\/03\/tietosuojaseloste.pdf\">tietosuojaseloste<\/a><\/p>\n<p>&nbsp;<\/p>\n","protected":false},"excerpt":{"rendered":"<p>EU:n pyynn\u00f6st\u00e4 olemme laatineet selosteen yhdistyksen j\u00e4senrekisterin pidosta ja sen k\u00e4yt\u00f6st\u00e4. Sen voi tarvitessa ladata PDF- muodossa t\u00e4\u00e4lt\u00e4:\u00a0tietosuojaseloste &nbsp;<\/p>\n","protected":false},"author":1,"featured_media":0,"parent":0,"menu_order":0,"comment_status":"closed","ping_status":"closed","template":"","meta":{"_bbp_topic_count":0,"_bbp_reply_count":0,"_bbp_total_topic_count":0,"_bbp_total_reply_count":0,"_bbp_voice_count":0,"_bbp_anonymous_reply_count":0,"_bbp_topic_count_hidden":0,"_bbp_reply_count_hidden":0,"_bbp_forum_subforum_count":0,"ngg_post_thumbnail":0,"footnotes":""},"class_list":["post-116","page","type-page","status-publish"],"_links":{"self":[{"href":"https:\/\/www.xn--pohjoiskylt-u8a.fi\/index.php?rest_route=\/wp\/v2\/pages\/116","targetHints":{"allow":["GET"]}}],"collection":[{"href":"https:\/\/www.xn--pohjoiskylt-u8a.fi\/index.php?rest_route=\/wp\/v2\/pages"}],"about":[{"href":"https:\/\/www.xn--pohjoiskylt-u8a.fi\/index.php?rest_route=\/wp\/v2\/types\/page"}],"author":[{"embeddable":true,"href":"https:\/\/www.xn--pohjoiskylt-u8a.fi\/index.php?rest_route=\/wp\/v2\/users\/1"}],"replies":[{"embeddable":true,"href":"https:\/\/www.xn--pohjoiskylt-u8a.fi\/index.php?rest_route=%2Fwp%2Fv2%2Fcomments&post=116"}],"version-history":[{"count":0,"href":"https:\/\/www.xn--pohjoiskylt-u8a.fi\/index.php?rest_route=\/wp\/v2\/pages\/116\/revisions"}],"wp:attachment":[{"href":"https:\/\/www.xn--pohjoiskylt-u8a.fi\/index.php?rest_route=%2Fwp%2Fv2%2Fmedia&parent=116"}],"curies":[{"name":"wp","href":"https:\/\/api.w.org\/{rel}","templated":true}]}}