{"id":1179,"date":"2021-06-06T16:44:33","date_gmt":"2021-06-06T13:44:33","guid":{"rendered":"https:\/\/www.pohjoiskyl\u00e4t.fi\/?page_id=1179"},"modified":"2021-06-10T06:39:39","modified_gmt":"2021-06-10T03:39:39","slug":"pohjoiskylat-valokuvissa","status":"publish","type":"page","link":"https:\/\/www.xn--pohjoiskylt-u8a.fi\/?page_id=1179","title":{"rendered":"Pohjoiskyl\u00e4t valokuvissa"},"content":{"rendered":"\n<p>Vierem\u00e4n Pohjoiskylien luonnossa l\u00f6ytyy hienoja kohteita, joita taitavat valokuvaajamme ovat ikuistaneet meid\u00e4n iloksemme. <\/p>\n\n\n\n<p><strong><em>Ville Heikkinen<\/em><\/strong> on vierem\u00e4l\u00e4inen valokuvaaja. Lis\u00e4\u00e4 Villen kuvia l\u00f6ytyy osoitteessa https:\/\/vhpic.kuvat.fi\/ ja Facebook-sivut t\u00e4\u00e4lt\u00e4: https:\/\/www.facebook.com\/ville.heikkinen.7374<\/p>\n\n\n\nngg_shortcode_0_placeholder\n\n\n\n<p><strong><em>Tellervo Piippo<\/em><\/strong> asuu Rokulassa Luvejoella. H\u00e4n seuraa aktiivisesti luontoa ymp\u00e4rist\u00f6ss\u00e4\u00e4n.<\/p>\n\n\n\nngg_shortcode_1_placeholder\n\n\n\n<p><strong><em>Mirja Dufva<\/em><\/strong> kuvaa Rotimojoen tunnelmallisia n\u00e4kymi\u00e4.<\/p>\n\n\n\nngg_shortcode_2_placeholder\n\n\n\n<p><em><strong>Mia Lahtinen<\/strong><\/em> Salahmilta on dokumentoinut ymp\u00e4rist\u00f6\u00e4\u00e4n eri vuodenaikoina<\/p>\n\n\n\nngg_shortcode_3_placeholder\n\n\n\n<p><strong><em>Tuula M\u00f6nttisen<\/em><\/strong> kuvat ovat Marttisenj\u00e4rvelt\u00e4 ja ymp\u00e4rist\u00f6st\u00e4<\/p>\n\n\n\nngg_shortcode_4_placeholder\n","protected":false},"excerpt":{"rendered":"<p>Vierem\u00e4n Pohjoiskylien luonnossa l\u00f6ytyy hienoja kohteita, joita taitavat valokuvaajamme ovat ikuistaneet meid\u00e4n iloksemme. Ville Heikkinen on vierem\u00e4l\u00e4inen valokuvaaja. Lis\u00e4\u00e4 Villen kuvia l\u00f6ytyy osoitteessa https:\/\/vhpic.kuvat.fi\/ ja Facebook-sivut t\u00e4\u00e4lt\u00e4: https:\/\/www.facebook.com\/ville.heikkinen.7374 Tellervo Piippo asuu Rokulassa Luvejoella. H\u00e4n seuraa aktiivisesti luontoa ymp\u00e4rist\u00f6ss\u00e4\u00e4n. Mirja Dufva kuvaa Rotimojoen tunnelmallisia n\u00e4kymi\u00e4. Mia Lahtinen Salahmilta on dokumentoinut ymp\u00e4rist\u00f6\u00e4\u00e4n eri vuodenaikoina Tuula M\u00f6nttisen kuvat &#8230; <a title=\"Pohjoiskyl\u00e4t valokuvissa\" class=\"read-more\" href=\"https:\/\/www.xn--pohjoiskylt-u8a.fi\/?page_id=1179\" aria-label=\"Lue lis\u00e4\u00e4 aiheesta Pohjoiskyl\u00e4t valokuvissa\">Lue lis\u00e4\u00e4<\/a><\/p>\n","protected":false},"author":1,"featured_media":0,"parent":0,"menu_order":0,"comment_status":"closed","ping_status":"closed","template":"","meta":{"_bbp_topic_count":0,"_bbp_reply_count":0,"_bbp_total_topic_count":0,"_bbp_total_reply_count":0,"_bbp_voice_count":0,"_bbp_anonymous_reply_count":0,"_bbp_topic_count_hidden":0,"_bbp_reply_count_hidden":0,"_bbp_forum_subforum_count":0,"ngg_post_thumbnail":0,"footnotes":""},"class_list":["post-1179","page","type-page","status-publish"],"_links":{"self":[{"href":"https:\/\/www.xn--pohjoiskylt-u8a.fi\/index.php?rest_route=\/wp\/v2\/pages\/1179","targetHints":{"allow":["GET"]}}],"collection":[{"href":"https:\/\/www.xn--pohjoiskylt-u8a.fi\/index.php?rest_route=\/wp\/v2\/pages"}],"about":[{"href":"https:\/\/www.xn--pohjoiskylt-u8a.fi\/index.php?rest_route=\/wp\/v2\/types\/page"}],"author":[{"embeddable":true,"href":"https:\/\/www.xn--pohjoiskylt-u8a.fi\/index.php?rest_route=\/wp\/v2\/users\/1"}],"replies":[{"embeddable":true,"href":"https:\/\/www.xn--pohjoiskylt-u8a.fi\/index.php?rest_route=%2Fwp%2Fv2%2Fcomments&post=1179"}],"version-history":[{"count":16,"href":"https:\/\/www.xn--pohjoiskylt-u8a.fi\/index.php?rest_route=\/wp\/v2\/pages\/1179\/revisions"}],"predecessor-version":[{"id":1363,"href":"https:\/\/www.xn--pohjoiskylt-u8a.fi\/index.php?rest_route=\/wp\/v2\/pages\/1179\/revisions\/1363"}],"wp:attachment":[{"href":"https:\/\/www.xn--pohjoiskylt-u8a.fi\/index.php?rest_route=%2Fwp%2Fv2%2Fmedia&parent=1179"}],"curies":[{"name":"wp","href":"https:\/\/api.w.org\/{rel}","templated":true}]}}