{"id":1799,"date":"2025-03-27T12:05:40","date_gmt":"2025-03-27T10:05:40","guid":{"rendered":"https:\/\/www.xn--pohjoiskylt-u8a.fi\/?page_id=1799"},"modified":"2025-03-27T12:05:40","modified_gmt":"2025-03-27T10:05:40","slug":"kylatie-on-hiljainen","status":"publish","type":"page","link":"https:\/\/www.xn--pohjoiskylt-u8a.fi\/?page_id=1799","title":{"rendered":"Kyl\u00e4tie on hiljainen"},"content":{"rendered":"\n<p>Elli Komulainen on n\u00e4hnyt ty\u00f6ss\u00e4\u00e4n taksiautoilijana sen muutoksen joka on tapahtunut sotien j\u00e4lkeen Nissil\u00e4n kyl\u00e4ll\u00e4. Taloja on autioitunut ja v\u00e4ke\u00e4 muuttanut muualle. Suuret lapsiluvut perheiss\u00e4 ovat mennytt\u00e4 aikaa.<\/p>\n\n\n\n<p>Elli on tehnyt kunnioitettavan ty\u00f6n kirjatessaan n\u00e4it\u00e4 muutoksia, h\u00e4n on muistellut asukkaita talo talolta ja koonnut havaintonsa dokumentiksi.<\/p>\n\n\n\n<p>Elli Komulaisen muistelot l\u00f6ytyv\u00e4t t\u00e4\u00e4lt\u00e4: <\/p>\n\n\n\n<p><a href=\"https:\/\/drive.google.com\/file\/d\/1M74KIz_N8iv8yVvXwY2nK13OXGycAIWV\/view?usp=drive_link\">https:\/\/drive.google.com\/file\/d\/1M74KIz_N8iv8yVvXwY2nK13OXGycAIWV\/view?usp=drive_link<\/a><\/p>\n\n\n\n<p>Olemme yhteisvoimin t\u00e4ydent\u00e4neet Ellin aloittamaa ty\u00f6t\u00e4. Kyl\u00e4 on jaettu osiin joita p\u00e4\u00e4sette tarkastelemaan t\u00e4\u00e4lt\u00e4:<\/p>\n\n\n\n<p><a href=\"https:\/\/pohjoiskyl\u00e4t.fi\/talot\/Isom\u00e4ki.html\">Talot Isom\u00e4en suunnalla<\/a><\/p>\n\n\n\n<p><a href=\"https:\/\/pohjoiskyl\u00e4t.fi\/talot\/Etel\u00e4.html\">Nissil\u00e4n kyl\u00e4n keskiosat<\/a><\/p>\n\n\n\n<p><a href=\"https:\/\/pohjoiskyl\u00e4t.fi\/talot\/It\u00e4puoli.html\">Rotimoj\u00e4rven it\u00e4puoli<\/a><\/p>\n\n\n\n<p><a href=\"https:\/\/pohjoiskyl\u00e4t.fi\/talot\/Pohjoinen.html\">Kyl\u00e4n pohjoispuoli<\/a><\/p>\n\n\n\n<p><a href=\"https:\/\/pohjoiskyl\u00e4t.fi\/talot\/Rokula.html\">Rokulan &#8211; Pirttim\u00e4en suunta<\/a><\/p>\n\n\n\n<ul class=\"wp-block-list\">\n<li>Tietoja ei ole ulotettu aivan nykyp\u00e4iv\u00e4\u00e4n asti kattamaan viimeisimpi\u00e4 asukkaita, vaan t\u00e4ydennetty Ellin kirjaamia tietoja kyl\u00e4n sodanj\u00e4lkeisest\u00e4 historiasta.<\/li>\n\n\n\n<li>Jos l\u00f6yd\u00e4tte t\u00e4\u00e4lt\u00e4 virheit\u00e4 tai puuttuvia tietoja, niist\u00e4 voi antaa palautetta s\u00e4hk\u00f6postilla osoitteeseen: mauno.ryytty@gmail.com<\/li>\n<\/ul>\n","protected":false},"excerpt":{"rendered":"<p>Elli Komulainen on n\u00e4hnyt ty\u00f6ss\u00e4\u00e4n taksiautoilijana sen muutoksen joka on tapahtunut sotien j\u00e4lkeen Nissil\u00e4n kyl\u00e4ll\u00e4. Taloja on autioitunut ja v\u00e4ke\u00e4 muuttanut muualle. Suuret lapsiluvut perheiss\u00e4 ovat mennytt\u00e4 aikaa. Elli on tehnyt kunnioitettavan ty\u00f6n kirjatessaan n\u00e4it\u00e4 muutoksia, h\u00e4n on muistellut asukkaita talo talolta ja koonnut havaintonsa dokumentiksi. Elli Komulaisen muistelot l\u00f6ytyv\u00e4t t\u00e4\u00e4lt\u00e4: https:\/\/drive.google.com\/file\/d\/1M74KIz_N8iv8yVvXwY2nK13OXGycAIWV\/view?usp=drive_link Olemme yhteisvoimin t\u00e4ydent\u00e4neet &#8230; <a title=\"Kyl\u00e4tie on hiljainen\" class=\"read-more\" href=\"https:\/\/www.xn--pohjoiskylt-u8a.fi\/?page_id=1799\" aria-label=\"Lue lis\u00e4\u00e4 aiheesta Kyl\u00e4tie on hiljainen\">Lue lis\u00e4\u00e4<\/a><\/p>\n","protected":false},"author":1,"featured_media":0,"parent":0,"menu_order":0,"comment_status":"closed","ping_status":"closed","template":"","meta":{"_bbp_topic_count":0,"_bbp_reply_count":0,"_bbp_total_topic_count":0,"_bbp_total_reply_count":0,"_bbp_voice_count":0,"_bbp_anonymous_reply_count":0,"_bbp_topic_count_hidden":0,"_bbp_reply_count_hidden":0,"_bbp_forum_subforum_count":0,"ngg_post_thumbnail":0,"footnotes":""},"class_list":["post-1799","page","type-page","status-publish"],"_links":{"self":[{"href":"https:\/\/www.xn--pohjoiskylt-u8a.fi\/index.php?rest_route=\/wp\/v2\/pages\/1799","targetHints":{"allow":["GET"]}}],"collection":[{"href":"https:\/\/www.xn--pohjoiskylt-u8a.fi\/index.php?rest_route=\/wp\/v2\/pages"}],"about":[{"href":"https:\/\/www.xn--pohjoiskylt-u8a.fi\/index.php?rest_route=\/wp\/v2\/types\/page"}],"author":[{"embeddable":true,"href":"https:\/\/www.xn--pohjoiskylt-u8a.fi\/index.php?rest_route=\/wp\/v2\/users\/1"}],"replies":[{"embeddable":true,"href":"https:\/\/www.xn--pohjoiskylt-u8a.fi\/index.php?rest_route=%2Fwp%2Fv2%2Fcomments&post=1799"}],"version-history":[{"count":14,"href":"https:\/\/www.xn--pohjoiskylt-u8a.fi\/index.php?rest_route=\/wp\/v2\/pages\/1799\/revisions"}],"predecessor-version":[{"id":1815,"href":"https:\/\/www.xn--pohjoiskylt-u8a.fi\/index.php?rest_route=\/wp\/v2\/pages\/1799\/revisions\/1815"}],"wp:attachment":[{"href":"https:\/\/www.xn--pohjoiskylt-u8a.fi\/index.php?rest_route=%2Fwp%2Fv2%2Fmedia&parent=1799"}],"curies":[{"name":"wp","href":"https:\/\/api.w.org\/{rel}","templated":true}]}}