{"id":304,"date":"2019-05-13T17:35:26","date_gmt":"2019-05-13T14:35:26","guid":{"rendered":"https:\/\/www.xn--pohjoiskylt-u8a.fi\/?page_id=304"},"modified":"2026-02-07T16:01:33","modified_gmt":"2026-02-07T14:01:33","slug":"tietoa-meista","status":"publish","type":"page","link":"https:\/\/www.xn--pohjoiskylt-u8a.fi\/?page_id=304","title":{"rendered":"Tietoa meist\u00e4"},"content":{"rendered":"\n<p style=\"white-space:pre-wrap;\" id=\"top\">\n<a href=\"#tarkoitus\">Yhdistyksen tarkoitus<\/a>\n<a href=\"#hallitus\">Hallitus<\/a>\n<a href=\"#jm\">J\u00e4senmaksujen maksaminen<\/a>\n<a href=\"#yhteys\">Yhteystiedot<\/a>\n<a href=\"#liity\">Liity j\u00e4seneksi<\/a>\n<\/p>\n\n\n\n<p><\/p>\n\n\n\n<h3 class=\"wp-block-heading\"><strong><a id=\"tarkoitus\">Yhdistyksen tarkoitus<\/a><\/strong><\/h3>\n\n\n\n<p>Yhdistyksen tarkoituksena on edist\u00e4\u00e4 ja kehitt\u00e4\u00e4 kylien asukkaiden yhteisty\u00f6t\u00e4 ja kylien elinvoimaa vapaa-ajan asukkaat huomioon ottaen sek\u00e4 vaalia kylien kulttuuriperint\u00f6\u00e4 ja edist\u00e4\u00e4 kyl\u00e4kulttuurin kehittymist\u00e4 ja asukkaiden\/vapaa-ajan asukkaiden viihtyvyytt\u00e4.<\/p>\n\n\n\n<h3 class=\"wp-block-heading\"><strong><a id=\"hallitus\">Yhdistyksen hallitus<\/a><\/strong> 2024<\/h3>\n\n\n\n<ul class=\"wp-block-list\">\n<li>Puheenjohtaja\n<ul class=\"wp-block-list\">\n<li>Veikko Heikkinen, puhelin 044-273 3285<\/li>\n<\/ul>\n<\/li>\n\n\n\n<li>Sihteeri <ul class=\"wp-block-list\"><li>Raili Turunen, puhelin 050-566 2788<\/li><\/ul><\/li>\n\n\n\n<li>Rahastonhoitaja<ul class=\"wp-block-list\"><li>Raili Turunen, puhelin 050-566 2788<\/li><\/ul><\/li>\n\n\n\n<li>Muut j\u00e4senet\n<ul class=\"wp-block-list\">\n<li>Janne Tiikkainen, varapuheenjohtaja<\/li>\n\n\n\n<li>Jouni Savolainen<\/li>\n\n\n\n<li>Jorma Virta<\/li>\n\n\n\n<li>Tuula Kajaste, varaj\u00e4sen<\/li>\n\n\n\n<li>Tiina Sotikov, varaj\u00e4sen<\/li>\n\n\n\n<li>Hannu Martikainen, varaj\u00e4sen<\/li>\n<\/ul>\n<\/li>\n<\/ul>\n\n\n\n<h3 class=\"wp-block-heading\"><strong><a id=\"jm\">J\u00e4senmaksu<\/a><\/strong><\/h3>\n\n\n\n<p>Yhdistyksen j\u00e4senmaksu on 10 euroa vuodessa.<\/p>\n\n\n\n<p>J\u00e4senmaksun voi maksaa yhdistyksen tilille:  FI46 5158 0120 0370 14<\/p>\n\n\n\n<h3 class=\"wp-block-heading\"><strong><a id=\"yhteys\">Yhteystiedot<\/a><\/strong><\/h3>\n\n\n\n<p>Facebook sivut <a href=\"https:\/\/www.facebook.com\/pohjoiskylat\/\">https:\/\/www.facebook.com\/pohjoiskylat\/<\/a><\/p>\n\n\n\n<p>Email: <a href=\"mailto:pohjoiskylat@gmail.com\">pohjoiskylat@gmail.com<\/a><\/p>\n\n\n\n<p>Y-tunnus: 3080935-3<\/p>\n\n\n\n<h3 class=\"wp-block-heading\"><strong><a id=\"liity\">Liittyminen<\/a><\/strong><\/h3>\n\n\n\n<p>Yhdistykseen voi liitty\u00e4 jokainen joka tuntee kiinnostusta Vierem\u00e4n Pohjoiskyli\u00e4 kohtaan, alueiden luontoon ja  ihmisiin. Mukavimmin liityminen k\u00e4y t\u00e4ytt\u00e4m\u00e4ll\u00e4 liittymislomake.<\/p>\n\n\n\n<p>Liittymislomake l\u00f6ytyy t\u00e4\u00e4lt\u00e4:  <a href=\"https:\/\/pohjoiskylat.yhdistysavain.fi\">https:\/\/pohjoiskylat.yhdistysavain.fi<\/a><\/p>\n\n\n\n<p><\/p>\n\n\n\n<p>^<a href=\"#top\">Takaisin yl\u00f6s<\/a><\/p>\n","protected":false},"excerpt":{"rendered":"<p>Yhdistyksen tarkoitus Hallitus J\u00e4senmaksujen maksaminen Yhteystiedot Liity j\u00e4seneksi Yhdistyksen tarkoitus Yhdistyksen tarkoituksena on edist\u00e4\u00e4 ja kehitt\u00e4\u00e4 kylien asukkaiden yhteisty\u00f6t\u00e4 ja kylien elinvoimaa vapaa-ajan asukkaat huomioon ottaen sek\u00e4 vaalia kylien kulttuuriperint\u00f6\u00e4 ja edist\u00e4\u00e4 kyl\u00e4kulttuurin kehittymist\u00e4 ja asukkaiden\/vapaa-ajan asukkaiden viihtyvyytt\u00e4. Yhdistyksen hallitus 2024 J\u00e4senmaksu Yhdistyksen j\u00e4senmaksu on 10 euroa vuodessa. J\u00e4senmaksun voi maksaa yhdistyksen tilille: FI46 5158 &#8230; <a title=\"Tietoa meist\u00e4\" class=\"read-more\" href=\"https:\/\/www.xn--pohjoiskylt-u8a.fi\/?page_id=304\" aria-label=\"Lue lis\u00e4\u00e4 aiheesta Tietoa meist\u00e4\">Lue lis\u00e4\u00e4<\/a><\/p>\n","protected":false},"author":1,"featured_media":0,"parent":0,"menu_order":0,"comment_status":"closed","ping_status":"closed","template":"","meta":{"_bbp_topic_count":0,"_bbp_reply_count":0,"_bbp_total_topic_count":0,"_bbp_total_reply_count":0,"_bbp_voice_count":0,"_bbp_anonymous_reply_count":0,"_bbp_topic_count_hidden":0,"_bbp_reply_count_hidden":0,"_bbp_forum_subforum_count":0,"ngg_post_thumbnail":0,"footnotes":""},"class_list":["post-304","page","type-page","status-publish"],"_links":{"self":[{"href":"https:\/\/www.xn--pohjoiskylt-u8a.fi\/index.php?rest_route=\/wp\/v2\/pages\/304","targetHints":{"allow":["GET"]}}],"collection":[{"href":"https:\/\/www.xn--pohjoiskylt-u8a.fi\/index.php?rest_route=\/wp\/v2\/pages"}],"about":[{"href":"https:\/\/www.xn--pohjoiskylt-u8a.fi\/index.php?rest_route=\/wp\/v2\/types\/page"}],"author":[{"embeddable":true,"href":"https:\/\/www.xn--pohjoiskylt-u8a.fi\/index.php?rest_route=\/wp\/v2\/users\/1"}],"replies":[{"embeddable":true,"href":"https:\/\/www.xn--pohjoiskylt-u8a.fi\/index.php?rest_route=%2Fwp%2Fv2%2Fcomments&post=304"}],"version-history":[{"count":27,"href":"https:\/\/www.xn--pohjoiskylt-u8a.fi\/index.php?rest_route=\/wp\/v2\/pages\/304\/revisions"}],"predecessor-version":[{"id":1978,"href":"https:\/\/www.xn--pohjoiskylt-u8a.fi\/index.php?rest_route=\/wp\/v2\/pages\/304\/revisions\/1978"}],"wp:attachment":[{"href":"https:\/\/www.xn--pohjoiskylt-u8a.fi\/index.php?rest_route=%2Fwp%2Fv2%2Fmedia&parent=304"}],"curies":[{"name":"wp","href":"https:\/\/api.w.org\/{rel}","templated":true}]}}